{"id":192,"date":"2023-01-06T03:55:57","date_gmt":"2023-01-06T03:55:57","guid":{"rendered":"https:\/\/gaviaspreview.com\/wp\/modins\/?page_id=192"},"modified":"2024-06-07T17:18:36","modified_gmt":"2024-06-07T14:18:36","slug":"elektrik-ve-elektronik","status":"publish","type":"page","link":"https:\/\/cankoretiket4.flexyazilim.com.tr\/index.php\/insurance\/elektrik-ve-elektronik\/","title":{"rendered":"Elektrik ve Elektronik"},"content":{"rendered":"\t\t<div data-elementor-type=\"wp-page\" data-elementor-id=\"192\" class=\"elementor elementor-192\">\n\t\t\t\t\t\t<section class=\"elementor-section elementor-top-section elementor-element elementor-element-dfcc628 elementor-section-boxed elementor-section-height-default elementor-section-height-default\" data-id=\"dfcc628\" data-element_type=\"section\">\n\t\t\t\t\t\t<div class=\"elementor-container elementor-column-gap-default\">\n\t\t\t\t\t<div class=\"elementor-column elementor-col-100 elementor-top-column elementor-element elementor-element-552ab55\" data-id=\"552ab55\" data-element_type=\"column\">\n\t\t\t<div class=\"elementor-widget-wrap elementor-element-populated\">\n\t\t\t\t\t\t<div class=\"elementor-element elementor-element-64eb4bb elementor-widget elementor-widget-gva-gallery\" data-id=\"64eb4bb\" data-element_type=\"widget\" data-widget_type=\"gva-gallery.default\">\n\t\t\t\t<div class=\"elementor-widget-container\">\n\t\t\t<div class=\"gva-element-gva-gallery gva-element\">\r\n<div class=\"gva-gallery-carousel swiper-slider-wrapper style-1 \">\r\n\t<div class=\"swiper-content-inner\">\r\n   \t<div class=\"init-carousel-swiper swiper\" data-carousel=\"{&quot;items&quot;:1,&quot;items_lg&quot;:1,&quot;items_md&quot;:1,&quot;items_sm&quot;:1,&quot;items_xs&quot;:1,&quot;items_xx&quot;:1,&quot;effect&quot;:&quot;slide&quot;,&quot;space_between&quot;:30,&quot;loop&quot;:1,&quot;speed&quot;:600,&quot;autoplay&quot;:1,&quot;autoplay_delay&quot;:4500,&quot;autoplay_hover&quot;:1,&quot;navigation&quot;:1,&quot;pagination&quot;:0,&quot;dynamic_bullets&quot;:0,&quot;pagination_type&quot;:&quot;bullets&quot;}\">\r\n      \t<div class=\"swiper-wrapper\">\r\n\t\t\t\t<div class=\"swiper-slide item\"><div class=\"gallery-one__single\"><div class=\"gallery-one__image\"><img decoding=\"async\" src=\"https:\/\/cankoretiket4.flexyazilim.com.tr\/wp-content\/uploads\/2024\/05\/tech-background-high-angle-1-scaled.jpg\" alt=\"\" \/><\/div><a class=\"gallery-one__photo photo-gallery\" href=\"http:\/\/cankoretiket4.flexyazilim.com.tr\/wp-content\/uploads\/2024\/05\/tech-background-high-angle-1-scaled.jpg\" data-elementor-lightbox-slideshow=\"gallery-2q2c\"><\/a><div class=\"gallery-one__content\"><div class=\"gallery-one__content-inner\"><\/div><\/div><\/div><\/div>\t\t\t<\/div>\r\n\t\t<\/div>\r\n\t<\/div>\r\n\t<div class=\"swiper-pagination\"><\/div>   <div class=\"swiper-nav-next\"><\/div><div class=\"swiper-nav-prev\"><\/div><\/div>\r\n<\/div>\t\t<\/div>\n\t\t\t\t<\/div>\n\t\t\t\t<div class=\"elementor-element elementor-element-0f9e287 elementor-widget elementor-widget-heading\" data-id=\"0f9e287\" data-element_type=\"widget\" data-widget_type=\"heading.default\">\n\t\t\t\t<div class=\"elementor-widget-container\">\n\t\t\t<h2 class=\"elementor-heading-title elementor-size-default\">ELEKTR\u0130K VE ELEKTRON\u0130K<\/h2>\t\t<\/div>\n\t\t\t\t<\/div>\n\t\t\t\t<div class=\"elementor-element elementor-element-599bd26 elementor-widget elementor-widget-text-editor\" data-id=\"599bd26\" data-element_type=\"widget\" data-widget_type=\"text-editor.default\">\n\t\t\t\t<div class=\"elementor-widget-container\">\n\t\t\t\t\t\t\t<p>Firmam\u0131z, elektrik ve elektronik sekt\u00f6r\u00fcnde kullan\u0131lan \u00e7e\u015fitli etiket \u00e7\u00f6z\u00fcmleri sunmaktad\u0131r.<\/p><ul><li>Elektronik devre etiketleri<\/li><li>Silver metalize ve Pp opak etiketler<\/li><li>Statik yap\u0131\u015fkans\u0131z etiketler<\/li><li>Is\u0131ya dayan\u0131kl\u0131 etiketleri<\/li><\/ul><p>M\u00fc\u015fterilerimizin \u00f6zel gereksinimlerine uygun olarak, her bir \u00fcr\u00fcn i\u00e7in en uygun malzemeleri kullanarak \u00f6zelle\u015ftirilmi\u015f etiket \u00e7\u00f6z\u00fcmleri sunuyoruz. Elektrik ve elektronik \u00fcr\u00fcnlerin \u00f6zelliklerine g\u00f6re dayan\u0131kl\u0131 ve uygun malzemelerle \u00fcretilen etiketlerimiz, \u00fcr\u00fcnlerinizin g\u00fcvenli\u011fini ve tan\u0131mlanabilirli\u011fini sa\u011flar. Ayr\u0131ca, statik yap\u0131\u015fkans\u0131z etiketler ve \u0131s\u0131ya dayan\u0131kl\u0131 etiketler gibi \u00f6zel gereksinimlere y\u00f6nelik \u00e7\u00f6z\u00fcmler de sunmaktay\u0131z.<\/p>\t\t\t\t\t\t<\/div>\n\t\t\t\t<\/div>\n\t\t\t\t<div class=\"elementor-element elementor-element-7391e24 elementor-widget elementor-widget-text-editor\" data-id=\"7391e24\" data-element_type=\"widget\" data-widget_type=\"text-editor.default\">\n\t\t\t\t<div class=\"elementor-widget-container\">\n\t\t\t\t\t\t\t<p>Firmam\u0131z, kalite standartlar\u0131na uygun olarak \u00fcretim yapmakta ve m\u00fc\u015fteri memnuniyetini en \u00fcst d\u00fczeyde tutmay\u0131 ama\u00e7lamaktad\u0131r. Elektrik ve elektronik sekt\u00f6r\u00fcnde uzun y\u0131llara dayanan deneyimimizle, m\u00fc\u015fterilerimize y\u00fcksek kaliteli ve g\u00fcvenilir etiket \u00e7\u00f6z\u00fcmleri sunmaktan gurur duyuyoruz.<\/p>\t\t\t\t\t\t<\/div>\n\t\t\t\t<\/div>\n\t\t\t\t<div class=\"elementor-element elementor-element-7be9eff elementor-widget elementor-widget-accordion\" data-id=\"7be9eff\" data-element_type=\"widget\" data-widget_type=\"accordion.default\">\n\t\t\t\t<div class=\"elementor-widget-container\">\n\t\t\t\t\t<div class=\"elementor-accordion\">\n\t\t\t\t\t\t\t<div class=\"elementor-accordion-item\">\n\t\t\t\t\t<div id=\"elementor-tab-title-1291\" class=\"elementor-tab-title\" data-tab=\"1\" role=\"button\" aria-controls=\"elementor-tab-content-1291\" aria-expanded=\"false\">\n\t\t\t\t\t\t\t\t\t\t\t\t\t<span class=\"elementor-accordion-icon elementor-accordion-icon-left\" aria-hidden=\"true\">\n\t\t\t\t\t\t\t\t\t\t\t\t\t\t\t<span class=\"elementor-accordion-icon-closed\"><i class=\"fas fa-plus\"><\/i><\/span>\n\t\t\t\t\t\t\t\t<span class=\"elementor-accordion-icon-opened\"><i class=\"fas fa-minus\"><\/i><\/span>\n\t\t\t\t\t\t\t\t\t\t\t\t\t\t<\/span>\n\t\t\t\t\t\t\t\t\t\t\t\t<a class=\"elementor-accordion-title\" tabindex=\"0\">Elektrik ve elektronik etiketleri ne i\u015fe yarar?<\/a>\n\t\t\t\t\t<\/div>\n\t\t\t\t\t<div id=\"elementor-tab-content-1291\" class=\"elementor-tab-content elementor-clearfix\" data-tab=\"1\" role=\"region\" aria-labelledby=\"elementor-tab-title-1291\"><p>Bu etiketler, cihazlar\u0131n tan\u0131mlanmas\u0131n\u0131, kullan\u0131m talimatlar\u0131n\u0131 ve g\u00fcvenlik uyar\u0131lar\u0131n\u0131 sa\u011flar, ayr\u0131ca \u00fcr\u00fcnlerin takibini ve kalite kontrol\u00fcn\u00fc kolayla\u015ft\u0131r\u0131r.<\/p><\/div>\n\t\t\t\t<\/div>\n\t\t\t\t\t\t\t<div class=\"elementor-accordion-item\">\n\t\t\t\t\t<div id=\"elementor-tab-title-1292\" class=\"elementor-tab-title\" data-tab=\"2\" role=\"button\" aria-controls=\"elementor-tab-content-1292\" aria-expanded=\"false\">\n\t\t\t\t\t\t\t\t\t\t\t\t\t<span class=\"elementor-accordion-icon elementor-accordion-icon-left\" aria-hidden=\"true\">\n\t\t\t\t\t\t\t\t\t\t\t\t\t\t\t<span class=\"elementor-accordion-icon-closed\"><i class=\"fas fa-plus\"><\/i><\/span>\n\t\t\t\t\t\t\t\t<span class=\"elementor-accordion-icon-opened\"><i class=\"fas fa-minus\"><\/i><\/span>\n\t\t\t\t\t\t\t\t\t\t\t\t\t\t<\/span>\n\t\t\t\t\t\t\t\t\t\t\t\t<a class=\"elementor-accordion-title\" tabindex=\"0\">Elektrik ve elektronik etiketleri nas\u0131l \u00fcretilir?<\/a>\n\t\t\t\t\t<\/div>\n\t\t\t\t\t<div id=\"elementor-tab-content-1292\" class=\"elementor-tab-content elementor-clearfix\" data-tab=\"2\" role=\"region\" aria-labelledby=\"elementor-tab-title-1292\"><p>Elektrik ve elektronik etiketleri, y\u00fcksek s\u0131cakl\u0131klara, kimyasallara ve mekanik a\u015f\u0131nmaya dayan\u0131kl\u0131 malzemelerden \u00fcretilir. Genellikle termal transfer veya lazer bask\u0131 teknikleri kullan\u0131l\u0131r.<\/p><\/div>\n\t\t\t\t<\/div>\n\t\t\t\t\t\t\t<div class=\"elementor-accordion-item\">\n\t\t\t\t\t<div id=\"elementor-tab-title-1293\" class=\"elementor-tab-title\" data-tab=\"3\" role=\"button\" aria-controls=\"elementor-tab-content-1293\" aria-expanded=\"false\">\n\t\t\t\t\t\t\t\t\t\t\t\t\t<span class=\"elementor-accordion-icon elementor-accordion-icon-left\" aria-hidden=\"true\">\n\t\t\t\t\t\t\t\t\t\t\t\t\t\t\t<span class=\"elementor-accordion-icon-closed\"><i class=\"fas fa-plus\"><\/i><\/span>\n\t\t\t\t\t\t\t\t<span class=\"elementor-accordion-icon-opened\"><i class=\"fas fa-minus\"><\/i><\/span>\n\t\t\t\t\t\t\t\t\t\t\t\t\t\t<\/span>\n\t\t\t\t\t\t\t\t\t\t\t\t<a class=\"elementor-accordion-title\" tabindex=\"0\">Elektrik ve elektronik etiketlerinin avantajlar\u0131 nelerdir?<\/a>\n\t\t\t\t\t<\/div>\n\t\t\t\t\t<div id=\"elementor-tab-content-1293\" class=\"elementor-tab-content elementor-clearfix\" data-tab=\"3\" role=\"region\" aria-labelledby=\"elementor-tab-title-1293\"><p>Bu etiketler, \u00fcr\u00fcn g\u00fcvenli\u011fini art\u0131r\u0131r, kullan\u0131m talimatlar\u0131n\u0131 sa\u011flar, izlenebilirlik sunar ve yasal gereklilikleri kar\u015f\u0131lar<\/p><\/div>\n\t\t\t\t<\/div>\n\t\t\t\t\t\t\t\t<\/div>\n\t\t\t\t<\/div>\n\t\t\t\t<\/div>\n\t\t\t\t<div class=\"elementor-element elementor-element-5c98dae elementor-widget elementor-widget-spacer\" data-id=\"5c98dae\" data-element_type=\"widget\" data-widget_type=\"spacer.default\">\n\t\t\t\t<div class=\"elementor-widget-container\">\n\t\t\t\t\t<div class=\"elementor-spacer\">\n\t\t\t<div class=\"elementor-spacer-inner\"><\/div>\n\t\t<\/div>\n\t\t\t\t<\/div>\n\t\t\t\t<\/div>\n\t\t\t\t\t<\/div>\n\t\t<\/div>\n\t\t\t\t\t<\/div>\n\t\t<\/section>\n\t\t\t\t<\/div>\n\t\t","protected":false},"excerpt":{"rendered":"<p>ELEKTR\u0130K VE ELEKTRON\u0130K Firmam\u0131z, elektrik ve elektronik sekt\u00f6r\u00fcnde kullan\u0131lan \u00e7e\u015fitli etiket \u00e7\u00f6z\u00fcmleri sunmaktad\u0131r. Elektronik devre etiketleri Silver metalize ve Pp opak etiketler Statik yap\u0131\u015fkans\u0131z etiketler Is\u0131ya dayan\u0131kl\u0131 etiketleri M\u00fc\u015fterilerimizin \u00f6zel [&hellip;]<\/p>\n","protected":false},"author":1,"featured_media":0,"parent":37,"menu_order":0,"comment_status":"closed","ping_status":"closed","template":"","meta":{"footnotes":""},"class_list":["post-192","page","type-page","status-publish","hentry"],"_links":{"self":[{"href":"https:\/\/cankoretiket4.flexyazilim.com.tr\/index.php\/wp-json\/wp\/v2\/pages\/192","targetHints":{"allow":["GET"]}}],"collection":[{"href":"https:\/\/cankoretiket4.flexyazilim.com.tr\/index.php\/wp-json\/wp\/v2\/pages"}],"about":[{"href":"https:\/\/cankoretiket4.flexyazilim.com.tr\/index.php\/wp-json\/wp\/v2\/types\/page"}],"author":[{"embeddable":true,"href":"https:\/\/cankoretiket4.flexyazilim.com.tr\/index.php\/wp-json\/wp\/v2\/users\/1"}],"replies":[{"embeddable":true,"href":"https:\/\/cankoretiket4.flexyazilim.com.tr\/index.php\/wp-json\/wp\/v2\/comments?post=192"}],"version-history":[{"count":7,"href":"https:\/\/cankoretiket4.flexyazilim.com.tr\/index.php\/wp-json\/wp\/v2\/pages\/192\/revisions"}],"predecessor-version":[{"id":791,"href":"https:\/\/cankoretiket4.flexyazilim.com.tr\/index.php\/wp-json\/wp\/v2\/pages\/192\/revisions\/791"}],"up":[{"embeddable":true,"href":"https:\/\/cankoretiket4.flexyazilim.com.tr\/index.php\/wp-json\/wp\/v2\/pages\/37"}],"wp:attachment":[{"href":"https:\/\/cankoretiket4.flexyazilim.com.tr\/index.php\/wp-json\/wp\/v2\/media?parent=192"}],"curies":[{"name":"wp","href":"https:\/\/api.w.org\/{rel}","templated":true}]}}