{"id":193,"date":"2023-01-06T03:56:09","date_gmt":"2023-01-06T03:56:09","guid":{"rendered":"https:\/\/gaviaspreview.com\/wp\/modins\/?page_id=193"},"modified":"2024-06-12T15:31:59","modified_gmt":"2024-06-12T12:31:59","slug":"ulasim-ve-stadyum","status":"publish","type":"page","link":"https:\/\/cankoretiket4.flexyazilim.com.tr\/index.php\/insurance\/ulasim-ve-stadyum\/","title":{"rendered":"Ula\u015f\u0131m ve Stadyum"},"content":{"rendered":"\t\t<div data-elementor-type=\"wp-page\" data-elementor-id=\"193\" class=\"elementor elementor-193\">\n\t\t\t\t\t\t<section class=\"elementor-section elementor-top-section elementor-element elementor-element-7990347 elementor-section-boxed elementor-section-height-default elementor-section-height-default\" data-id=\"7990347\" data-element_type=\"section\">\n\t\t\t\t\t\t<div class=\"elementor-container elementor-column-gap-default\">\n\t\t\t\t\t<div class=\"elementor-column elementor-col-100 elementor-top-column elementor-element elementor-element-952ac69\" data-id=\"952ac69\" data-element_type=\"column\">\n\t\t\t<div class=\"elementor-widget-wrap elementor-element-populated\">\n\t\t\t\t\t\t<div class=\"elementor-element elementor-element-53af9d2 elementor-widget elementor-widget-gva-gallery\" data-id=\"53af9d2\" data-element_type=\"widget\" data-widget_type=\"gva-gallery.default\">\n\t\t\t\t<div class=\"elementor-widget-container\">\n\t\t\t<div class=\"gva-element-gva-gallery gva-element\">\r\n<div class=\"gva-gallery-carousel swiper-slider-wrapper style-1 \">\r\n\t<div class=\"swiper-content-inner\">\r\n   \t<div class=\"init-carousel-swiper swiper\" data-carousel=\"{&quot;items&quot;:1,&quot;items_lg&quot;:1,&quot;items_md&quot;:1,&quot;items_sm&quot;:1,&quot;items_xs&quot;:1,&quot;items_xx&quot;:1,&quot;effect&quot;:&quot;slide&quot;,&quot;space_between&quot;:30,&quot;loop&quot;:1,&quot;speed&quot;:600,&quot;autoplay&quot;:1,&quot;autoplay_delay&quot;:4500,&quot;autoplay_hover&quot;:1,&quot;navigation&quot;:1,&quot;pagination&quot;:0,&quot;dynamic_bullets&quot;:0,&quot;pagination_type&quot;:&quot;bullets&quot;}\">\r\n      \t<div class=\"swiper-wrapper\">\r\n\t\t\t\t<div class=\"swiper-slide item\"><div class=\"gallery-one__single\"><div class=\"gallery-one__image\"><img decoding=\"async\" src=\"https:\/\/cankoretiket4.flexyazilim.com.tr\/wp-content\/uploads\/2024\/05\/top-view-cinema-tickets-scaled.jpg\" alt=\"\" \/><\/div><a class=\"gallery-one__photo photo-gallery\" href=\"http:\/\/cankoretiket4.flexyazilim.com.tr\/wp-content\/uploads\/2024\/05\/top-view-cinema-tickets-scaled.jpg\" data-elementor-lightbox-slideshow=\"gallery-fdq4\"><\/a><div class=\"gallery-one__content\"><div class=\"gallery-one__content-inner\"><\/div><\/div><\/div><\/div>\t\t\t<\/div>\r\n\t\t<\/div>\r\n\t<\/div>\r\n\t<div class=\"swiper-pagination\"><\/div>   <div class=\"swiper-nav-next\"><\/div><div class=\"swiper-nav-prev\"><\/div><\/div>\r\n<\/div>\t\t<\/div>\n\t\t\t\t<\/div>\n\t\t\t\t<div class=\"elementor-element elementor-element-a43488c elementor-widget elementor-widget-heading\" data-id=\"a43488c\" data-element_type=\"widget\" data-widget_type=\"heading.default\">\n\t\t\t\t<div class=\"elementor-widget-container\">\n\t\t\t<h2 class=\"elementor-heading-title elementor-size-default\">ULA\u015eIM VE STADYUM<\/h2>\t\t<\/div>\n\t\t\t\t<\/div>\n\t\t\t\t<div class=\"elementor-element elementor-element-263af7a elementor-widget elementor-widget-text-editor\" data-id=\"263af7a\" data-element_type=\"widget\" data-widget_type=\"text-editor.default\">\n\t\t\t\t<div class=\"elementor-widget-container\">\n\t\t\t\t\t\t\t<p>\u015eirketimiz, ula\u015f\u0131m ve stadyum gibi alanlarda kullan\u0131lan \u00e7e\u015fitli termal karton bilet \u00e7\u00f6z\u00fcmleri sunmaktad\u0131r.<\/p><ul><li>Termal karton ma\u00e7 biletleri<\/li><li>Termal karton otopark biletleri<\/li><li>Termal karton fuar ve do\u011fal ya\u015fam giri\u015f biletleri<\/li><li>Termal karton otob\u00fcs seyehat biletleri<\/li><li>Bagaj biletleri<\/li><li>Sinema biletleri<\/li><\/ul><p>M\u00fc\u015fterilerimizin ihtiya\u00e7lar\u0131na y\u00f6nelik olarak, her bir bilet t\u00fcr\u00fc i\u00e7in \u00f6zel olarak tasarlanm\u0131\u015f termal karton biletler \u00fcretiyoruz. Y\u00fcksek kaliteli termal karton malzemeler kullanarak \u00fcretti\u011fimiz biletler, uzun s\u00fcre dayan\u0131kl\u0131l\u0131k ve okunabilirlik sa\u011flar. Ayr\u0131ca, m\u00fc\u015fterilerimize \u00f6zelle\u015ftirilmi\u015f tasar\u0131m se\u00e7enekleri sunarak, marka kimliklerini yans\u0131tan biletlerin \u00fcretilmesine yard\u0131mc\u0131 oluyoruz.<\/p>\t\t\t\t\t\t<\/div>\n\t\t\t\t<\/div>\n\t\t\t\t<div class=\"elementor-element elementor-element-1dff133 elementor-widget elementor-widget-text-editor\" data-id=\"1dff133\" data-element_type=\"widget\" data-widget_type=\"text-editor.default\">\n\t\t\t\t<div class=\"elementor-widget-container\">\n\t\t\t\t\t\t\t<p>Firmam\u0131z, kalite, g\u00fcvenilirlik ve m\u00fc\u015fteri memnuniyeti ilkeleri do\u011frultusunda \u00e7al\u0131\u015farak, m\u00fc\u015fterilerimizin beklentilerini kar\u015f\u0131lamay\u0131 ve hatta a\u015fmay\u0131 hedeflemektedir. Ula\u015f\u0131m ve stadyum gibi alanlarda kullan\u0131lan biletlerin \u00f6nemini anlayarak, bu alanda en iyi \u00e7\u00f6z\u00fcmleri sunmaya odaklan\u0131yoruz.<\/p>\t\t\t\t\t\t<\/div>\n\t\t\t\t<\/div>\n\t\t\t\t<div class=\"elementor-element elementor-element-8335421 elementor-widget elementor-widget-accordion\" data-id=\"8335421\" data-element_type=\"widget\" data-widget_type=\"accordion.default\">\n\t\t\t\t<div class=\"elementor-widget-container\">\n\t\t\t\t\t<div class=\"elementor-accordion\">\n\t\t\t\t\t\t\t<div class=\"elementor-accordion-item\">\n\t\t\t\t\t<div id=\"elementor-tab-title-1371\" class=\"elementor-tab-title\" data-tab=\"1\" role=\"button\" aria-controls=\"elementor-tab-content-1371\" aria-expanded=\"false\">\n\t\t\t\t\t\t\t\t\t\t\t\t\t<span class=\"elementor-accordion-icon elementor-accordion-icon-left\" aria-hidden=\"true\">\n\t\t\t\t\t\t\t\t\t\t\t\t\t\t\t<span class=\"elementor-accordion-icon-closed\"><i class=\"fas fa-plus\"><\/i><\/span>\n\t\t\t\t\t\t\t\t<span class=\"elementor-accordion-icon-opened\"><i class=\"fas fa-minus\"><\/i><\/span>\n\t\t\t\t\t\t\t\t\t\t\t\t\t\t<\/span>\n\t\t\t\t\t\t\t\t\t\t\t\t<a class=\"elementor-accordion-title\" tabindex=\"0\">Ula\u015f\u0131m ve stadyum etiketleri ne i\u015fe yarar?<\/a>\n\t\t\t\t\t<\/div>\n\t\t\t\t\t<div id=\"elementor-tab-content-1371\" class=\"elementor-tab-content elementor-clearfix\" data-tab=\"1\" role=\"region\" aria-labelledby=\"elementor-tab-title-1371\"><p>Bu etiketler, biletleme, g\u00fcvenlik, eri\u015fim kontrol\u00fc ve yolcu bilgilendirme gibi ama\u00e7lar i\u00e7in kullan\u0131l\u0131r, etkinliklerde ve ula\u015f\u0131mda d\u00fczen sa\u011flar.<\/p><\/div>\n\t\t\t\t<\/div>\n\t\t\t\t\t\t\t<div class=\"elementor-accordion-item\">\n\t\t\t\t\t<div id=\"elementor-tab-title-1372\" class=\"elementor-tab-title\" data-tab=\"2\" role=\"button\" aria-controls=\"elementor-tab-content-1372\" aria-expanded=\"false\">\n\t\t\t\t\t\t\t\t\t\t\t\t\t<span class=\"elementor-accordion-icon elementor-accordion-icon-left\" aria-hidden=\"true\">\n\t\t\t\t\t\t\t\t\t\t\t\t\t\t\t<span class=\"elementor-accordion-icon-closed\"><i class=\"fas fa-plus\"><\/i><\/span>\n\t\t\t\t\t\t\t\t<span class=\"elementor-accordion-icon-opened\"><i class=\"fas fa-minus\"><\/i><\/span>\n\t\t\t\t\t\t\t\t\t\t\t\t\t\t<\/span>\n\t\t\t\t\t\t\t\t\t\t\t\t<a class=\"elementor-accordion-title\" tabindex=\"0\">Ula\u015f\u0131m ve stadyum etiketleri nas\u0131l \u00fcretilir?<\/a>\n\t\t\t\t\t<\/div>\n\t\t\t\t\t<div id=\"elementor-tab-content-1372\" class=\"elementor-tab-content elementor-clearfix\" data-tab=\"2\" role=\"region\" aria-labelledby=\"elementor-tab-title-1372\"><p>Ula\u015f\u0131m ve stadyum etiketleri, genellikle dayan\u0131kl\u0131 ve kolayca okunabilir malzemelerden \u00fcretilir. Termal bask\u0131, dijital bask\u0131 ve ofset bask\u0131 gibi teknikler kullan\u0131larak \u00fcretilir.<\/p><\/div>\n\t\t\t\t<\/div>\n\t\t\t\t\t\t\t<div class=\"elementor-accordion-item\">\n\t\t\t\t\t<div id=\"elementor-tab-title-1373\" class=\"elementor-tab-title\" data-tab=\"3\" role=\"button\" aria-controls=\"elementor-tab-content-1373\" aria-expanded=\"false\">\n\t\t\t\t\t\t\t\t\t\t\t\t\t<span class=\"elementor-accordion-icon elementor-accordion-icon-left\" aria-hidden=\"true\">\n\t\t\t\t\t\t\t\t\t\t\t\t\t\t\t<span class=\"elementor-accordion-icon-closed\"><i class=\"fas fa-plus\"><\/i><\/span>\n\t\t\t\t\t\t\t\t<span class=\"elementor-accordion-icon-opened\"><i class=\"fas fa-minus\"><\/i><\/span>\n\t\t\t\t\t\t\t\t\t\t\t\t\t\t<\/span>\n\t\t\t\t\t\t\t\t\t\t\t\t<a class=\"elementor-accordion-title\" tabindex=\"0\">Ula\u015f\u0131m ve stadyum etiketlerinin avantajlar\u0131 nelerdir?<\/a>\n\t\t\t\t\t<\/div>\n\t\t\t\t\t<div id=\"elementor-tab-content-1373\" class=\"elementor-tab-content elementor-clearfix\" data-tab=\"3\" role=\"region\" aria-labelledby=\"elementor-tab-title-1373\"><p>Bu etiketler, kolay ve h\u0131zl\u0131 biletleme sa\u011flar, sahtecili\u011fi \u00f6nler, etkinlik ve yolcu d\u00fczenini art\u0131r\u0131r ve m\u00fc\u015fteri memnuniyetini art\u0131r\u0131r.<\/p><\/div>\n\t\t\t\t<\/div>\n\t\t\t\t\t\t\t\t<\/div>\n\t\t\t\t<\/div>\n\t\t\t\t<\/div>\n\t\t\t\t\t<\/div>\n\t\t<\/div>\n\t\t\t\t\t<\/div>\n\t\t<\/section>\n\t\t\t\t<\/div>\n\t\t","protected":false},"excerpt":{"rendered":"<p>ULA\u015eIM VE STADYUM \u015eirketimiz, ula\u015f\u0131m ve stadyum gibi alanlarda kullan\u0131lan \u00e7e\u015fitli termal karton bilet \u00e7\u00f6z\u00fcmleri sunmaktad\u0131r. Termal karton ma\u00e7 biletleri Termal karton otopark biletleri Termal karton fuar ve do\u011fal ya\u015fam [&hellip;]<\/p>\n","protected":false},"author":1,"featured_media":0,"parent":37,"menu_order":0,"comment_status":"closed","ping_status":"closed","template":"","meta":{"footnotes":""},"class_list":["post-193","page","type-page","status-publish","hentry"],"_links":{"self":[{"href":"https:\/\/cankoretiket4.flexyazilim.com.tr\/index.php\/wp-json\/wp\/v2\/pages\/193","targetHints":{"allow":["GET"]}}],"collection":[{"href":"https:\/\/cankoretiket4.flexyazilim.com.tr\/index.php\/wp-json\/wp\/v2\/pages"}],"about":[{"href":"https:\/\/cankoretiket4.flexyazilim.com.tr\/index.php\/wp-json\/wp\/v2\/types\/page"}],"author":[{"embeddable":true,"href":"https:\/\/cankoretiket4.flexyazilim.com.tr\/index.php\/wp-json\/wp\/v2\/users\/1"}],"replies":[{"embeddable":true,"href":"https:\/\/cankoretiket4.flexyazilim.com.tr\/index.php\/wp-json\/wp\/v2\/comments?post=193"}],"version-history":[{"count":10,"href":"https:\/\/cankoretiket4.flexyazilim.com.tr\/index.php\/wp-json\/wp\/v2\/pages\/193\/revisions"}],"predecessor-version":[{"id":813,"href":"https:\/\/cankoretiket4.flexyazilim.com.tr\/index.php\/wp-json\/wp\/v2\/pages\/193\/revisions\/813"}],"up":[{"embeddable":true,"href":"https:\/\/cankoretiket4.flexyazilim.com.tr\/index.php\/wp-json\/wp\/v2\/pages\/37"}],"wp:attachment":[{"href":"https:\/\/cankoretiket4.flexyazilim.com.tr\/index.php\/wp-json\/wp\/v2\/media?parent=193"}],"curies":[{"name":"wp","href":"https:\/\/api.w.org\/{rel}","templated":true}]}}