{"id":195,"date":"2023-01-06T03:56:45","date_gmt":"2023-01-06T03:56:45","guid":{"rendered":"https:\/\/gaviaspreview.com\/wp\/modins\/?page_id=195"},"modified":"2024-06-07T17:16:02","modified_gmt":"2024-06-07T14:16:02","slug":"tekstil","status":"publish","type":"page","link":"https:\/\/cankoretiket4.flexyazilim.com.tr\/index.php\/insurance\/tekstil\/","title":{"rendered":"Tekstil"},"content":{"rendered":"\t\t<div data-elementor-type=\"wp-page\" data-elementor-id=\"195\" class=\"elementor elementor-195\">\n\t\t\t\t\t\t<section class=\"elementor-section elementor-top-section elementor-element elementor-element-381946c elementor-section-boxed elementor-section-height-default elementor-section-height-default\" data-id=\"381946c\" data-element_type=\"section\">\n\t\t\t\t\t\t<div class=\"elementor-container elementor-column-gap-default\">\n\t\t\t\t\t<div class=\"elementor-column elementor-col-100 elementor-top-column elementor-element elementor-element-d0d0976\" data-id=\"d0d0976\" data-element_type=\"column\">\n\t\t\t<div class=\"elementor-widget-wrap elementor-element-populated\">\n\t\t\t\t\t\t<div class=\"elementor-element elementor-element-919d022 elementor-widget elementor-widget-gva-gallery\" data-id=\"919d022\" data-element_type=\"widget\" data-widget_type=\"gva-gallery.default\">\n\t\t\t\t<div class=\"elementor-widget-container\">\n\t\t\t<div class=\"gva-element-gva-gallery gva-element\">\r\n<div class=\"gva-gallery-carousel swiper-slider-wrapper style-1 \">\r\n\t<div class=\"swiper-content-inner\">\r\n   \t<div class=\"init-carousel-swiper swiper\" data-carousel=\"{&quot;items&quot;:1,&quot;items_lg&quot;:1,&quot;items_md&quot;:1,&quot;items_sm&quot;:1,&quot;items_xs&quot;:1,&quot;items_xx&quot;:1,&quot;effect&quot;:&quot;slide&quot;,&quot;space_between&quot;:30,&quot;loop&quot;:0,&quot;speed&quot;:600,&quot;autoplay&quot;:1,&quot;autoplay_delay&quot;:4500,&quot;autoplay_hover&quot;:1,&quot;navigation&quot;:1,&quot;pagination&quot;:0,&quot;dynamic_bullets&quot;:0,&quot;pagination_type&quot;:&quot;bullets&quot;}\">\r\n      \t<div class=\"swiper-wrapper\">\r\n\t\t\t\t<div class=\"swiper-slide item\"><div class=\"gallery-one__single\"><div class=\"gallery-one__image\"><img decoding=\"async\" src=\"https:\/\/cankoretiket4.flexyazilim.com.tr\/wp-content\/uploads\/2024\/06\/Firefly-Yakindan-cekilen-bir-goruntude-renkli-ve-dikkat-cekici-tekstil-etiketleri-gorunuyor.-Etiket-scaled.jpg\" alt=\"\" \/><\/div><a class=\"gallery-one__photo photo-gallery\" href=\"http:\/\/cankoretiket4.flexyazilim.com.tr\/wp-content\/uploads\/2024\/06\/Firefly-Yakindan-cekilen-bir-goruntude-renkli-ve-dikkat-cekici-tekstil-etiketleri-gorunuyor.-Etiket-scaled.jpg\" data-elementor-lightbox-slideshow=\"gallery-iz11\"><\/a><div class=\"gallery-one__content\"><div class=\"gallery-one__content-inner\"><\/div><\/div><\/div><\/div>\t\t\t<\/div>\r\n\t\t<\/div>\r\n\t<\/div>\r\n\t<div class=\"swiper-pagination\"><\/div>   <div class=\"swiper-nav-next\"><\/div><div class=\"swiper-nav-prev\"><\/div><\/div>\r\n<\/div>\t\t<\/div>\n\t\t\t\t<\/div>\n\t\t\t\t<div class=\"elementor-element elementor-element-190c86b elementor-widget elementor-widget-heading\" data-id=\"190c86b\" data-element_type=\"widget\" data-widget_type=\"heading.default\">\n\t\t\t\t<div class=\"elementor-widget-container\">\n\t\t\t<h2 class=\"elementor-heading-title elementor-size-default\">TEKST\u0130L<\/h2>\t\t<\/div>\n\t\t\t\t<\/div>\n\t\t\t\t<div class=\"elementor-element elementor-element-7cae7fe elementor-widget elementor-widget-text-editor\" data-id=\"7cae7fe\" data-element_type=\"widget\" data-widget_type=\"text-editor.default\">\n\t\t\t\t<div class=\"elementor-widget-container\">\n\t\t\t\t\t\t\t<p><strong>Firmam\u0131z, tekstil sekt\u00f6r\u00fcnde geni\u015f bir yelpazede kullan\u0131lan \u00e7e\u015fitli etiket \u00e7\u00f6z\u00fcmleri sunmaktad\u0131r.<\/strong><\/p><ul><li>Ev tekstil \u00fcr\u00fcnleri etiketi<\/li><li>Kalite kontrol etiketleri<\/li><li>Japon akmaz\u0131 (yap\u0131\u015fkanl\u0131 &#8211; yap\u0131\u015fkans\u0131z)<\/li><li>End kontrol etiketler<\/li><li>1&#8217;den 41&#8217;e kadar numara etiketleri<\/li><li>\u0130stenilen \u00f6l\u00e7\u00fcde barcode (barkod) etiketleri<\/li><li>Fiyat etiketleri<\/li><li>\u0130ndirim etiketleri (k\u0131rm\u0131z\u0131-sar\u0131-ye\u015fil)<\/li><li>Tekstil \u00fcr\u00fcn tan\u0131t\u0131m etiketleri (karton)<\/li><li>TYVEK etiketleri (yap\u0131\u015fkanl\u0131-yap\u0131\u015fkans\u0131z)<\/li><\/ul>\t\t\t\t\t\t<\/div>\n\t\t\t\t<\/div>\n\t\t\t\t<div class=\"elementor-element elementor-element-a755ad8 elementor-widget elementor-widget-text-editor\" data-id=\"a755ad8\" data-element_type=\"widget\" data-widget_type=\"text-editor.default\">\n\t\t\t\t<div class=\"elementor-widget-container\">\n\t\t\t\t\t\t\t<p>M\u00fc\u015fterilerimizin ihtiya\u00e7lar\u0131na y\u00f6nelik esnek bir yakla\u015f\u0131mla, her bir etiket \u00e7e\u015fidini y\u00fcksek kalitede ve istenilen \u00f6zelliklerde \u00fcretiyoruz. \u00dcr\u00fcnlerimizde kullan\u0131lan malzemeler dayan\u0131kl\u0131 ve uzun \u00f6m\u00fcrl\u00fc olup, tekstil \u00fcr\u00fcnlerinizi g\u00fcvenle tan\u0131mlaman\u0131z\u0131 sa\u011flar. Ayr\u0131ca, m\u00fc\u015fterilerimizin marka kimliklerini ve \u00fcr\u00fcnlerini en etkili \u015fekilde tan\u0131tmalar\u0131n\u0131 sa\u011flayacak \u00f6zel tasar\u0131mlar da yapmaktay\u0131z.<\/p><p>Kalite, g\u00fcvenilirlik ve m\u00fc\u015fteri memnuniyeti, i\u015fimizin temel prensipleridir. Her zaman yenilik\u00e7i \u00e7\u00f6z\u00fcmler sunarak m\u00fc\u015fterilerimizin beklentilerini kar\u015f\u0131lamay\u0131 ve hatta a\u015fmay\u0131 hedefliyoruz.<\/p>\t\t\t\t\t\t<\/div>\n\t\t\t\t<\/div>\n\t\t\t\t\t<\/div>\n\t\t<\/div>\n\t\t\t\t\t<\/div>\n\t\t<\/section>\n\t\t\t\t<section class=\"elementor-section elementor-top-section elementor-element elementor-element-721f04b elementor-section-boxed elementor-section-height-default elementor-section-height-default\" data-id=\"721f04b\" data-element_type=\"section\">\n\t\t\t\t\t\t<div class=\"elementor-container elementor-column-gap-default\">\n\t\t\t\t\t<div class=\"elementor-column elementor-col-100 elementor-top-column elementor-element elementor-element-d8808b5\" data-id=\"d8808b5\" data-element_type=\"column\">\n\t\t\t<div class=\"elementor-widget-wrap elementor-element-populated\">\n\t\t\t\t\t\t<div class=\"elementor-element elementor-element-2eabf3b elementor-widget elementor-widget-accordion\" data-id=\"2eabf3b\" data-element_type=\"widget\" data-widget_type=\"accordion.default\">\n\t\t\t\t<div class=\"elementor-widget-container\">\n\t\t\t\t\t<div class=\"elementor-accordion\">\n\t\t\t\t\t\t\t<div class=\"elementor-accordion-item\">\n\t\t\t\t\t<div id=\"elementor-tab-title-4891\" class=\"elementor-tab-title\" data-tab=\"1\" role=\"button\" aria-controls=\"elementor-tab-content-4891\" aria-expanded=\"false\">\n\t\t\t\t\t\t\t\t\t\t\t\t\t<span class=\"elementor-accordion-icon elementor-accordion-icon-left\" aria-hidden=\"true\">\n\t\t\t\t\t\t\t\t\t\t\t\t\t\t\t<span class=\"elementor-accordion-icon-closed\"><i class=\"fas fa-plus\"><\/i><\/span>\n\t\t\t\t\t\t\t\t<span class=\"elementor-accordion-icon-opened\"><i class=\"fas fa-minus\"><\/i><\/span>\n\t\t\t\t\t\t\t\t\t\t\t\t\t\t<\/span>\n\t\t\t\t\t\t\t\t\t\t\t\t<a class=\"elementor-accordion-title\" tabindex=\"0\">Tekstil etiketleri ne i\u015fe yarar?<\/a>\n\t\t\t\t\t<\/div>\n\t\t\t\t\t<div id=\"elementor-tab-content-4891\" class=\"elementor-tab-content elementor-clearfix\" data-tab=\"1\" role=\"region\" aria-labelledby=\"elementor-tab-title-4891\"><p>Tekstil etiketleri, \u00fcr\u00fcnlerin bak\u0131m talimatlar\u0131n\u0131, malzeme bile\u015fenlerini ve marka bilgilerini t\u00fcketicilere ileterek \u00fcr\u00fcnlerin tan\u0131t\u0131m\u0131n\u0131 ve kullan\u0131m\u0131n\u0131 kolayla\u015ft\u0131r\u0131r.<\/p><\/div>\n\t\t\t\t<\/div>\n\t\t\t\t\t\t\t<div class=\"elementor-accordion-item\">\n\t\t\t\t\t<div id=\"elementor-tab-title-4892\" class=\"elementor-tab-title\" data-tab=\"2\" role=\"button\" aria-controls=\"elementor-tab-content-4892\" aria-expanded=\"false\">\n\t\t\t\t\t\t\t\t\t\t\t\t\t<span class=\"elementor-accordion-icon elementor-accordion-icon-left\" aria-hidden=\"true\">\n\t\t\t\t\t\t\t\t\t\t\t\t\t\t\t<span class=\"elementor-accordion-icon-closed\"><i class=\"fas fa-plus\"><\/i><\/span>\n\t\t\t\t\t\t\t\t<span class=\"elementor-accordion-icon-opened\"><i class=\"fas fa-minus\"><\/i><\/span>\n\t\t\t\t\t\t\t\t\t\t\t\t\t\t<\/span>\n\t\t\t\t\t\t\t\t\t\t\t\t<a class=\"elementor-accordion-title\" tabindex=\"0\">Tekstil etiketleri nas\u0131l \u00fcretilir?<\/a>\n\t\t\t\t\t<\/div>\n\t\t\t\t\t<div id=\"elementor-tab-content-4892\" class=\"elementor-tab-content elementor-clearfix\" data-tab=\"2\" role=\"region\" aria-labelledby=\"elementor-tab-title-4892\"><p>Tekstil etiketleri, genellikle dayan\u0131kl\u0131 ve y\u0131kamaya dayan\u0131kl\u0131 malzemelerden \u00fcretilir. Bask\u0131 s\u00fcre\u00e7leri aras\u0131nda dokuma, serigrafi ve dijital bask\u0131 teknikleri kullan\u0131labilir.<\/p><\/div>\n\t\t\t\t<\/div>\n\t\t\t\t\t\t\t<div class=\"elementor-accordion-item\">\n\t\t\t\t\t<div id=\"elementor-tab-title-4893\" class=\"elementor-tab-title\" data-tab=\"3\" role=\"button\" aria-controls=\"elementor-tab-content-4893\" aria-expanded=\"false\">\n\t\t\t\t\t\t\t\t\t\t\t\t\t<span class=\"elementor-accordion-icon elementor-accordion-icon-left\" aria-hidden=\"true\">\n\t\t\t\t\t\t\t\t\t\t\t\t\t\t\t<span class=\"elementor-accordion-icon-closed\"><i class=\"fas fa-plus\"><\/i><\/span>\n\t\t\t\t\t\t\t\t<span class=\"elementor-accordion-icon-opened\"><i class=\"fas fa-minus\"><\/i><\/span>\n\t\t\t\t\t\t\t\t\t\t\t\t\t\t<\/span>\n\t\t\t\t\t\t\t\t\t\t\t\t<a class=\"elementor-accordion-title\" tabindex=\"0\">Tekstil etiketlerinin avantajlar\u0131 nelerdir?<\/a>\n\t\t\t\t\t<\/div>\n\t\t\t\t\t<div id=\"elementor-tab-content-4893\" class=\"elementor-tab-content elementor-clearfix\" data-tab=\"3\" role=\"region\" aria-labelledby=\"elementor-tab-title-4893\"><p>Tekstil etiketleri, \u00fcr\u00fcn bilgilerini a\u00e7\u0131k\u00e7a ileterek m\u00fc\u015fteri memnuniyetini art\u0131r\u0131r, marka bilinirli\u011fini sa\u011flar ve \u00fcr\u00fcn\u00fcn profesyonel bir g\u00f6r\u00fcn\u00fcm kazanmas\u0131na yard\u0131mc\u0131 olur.<\/p><\/div>\n\t\t\t\t<\/div>\n\t\t\t\t\t\t\t\t<\/div>\n\t\t\t\t<\/div>\n\t\t\t\t<\/div>\n\t\t\t\t<div class=\"elementor-element elementor-element-e992471 elementor-widget elementor-widget-spacer\" data-id=\"e992471\" data-element_type=\"widget\" data-widget_type=\"spacer.default\">\n\t\t\t\t<div class=\"elementor-widget-container\">\n\t\t\t\t\t<div class=\"elementor-spacer\">\n\t\t\t<div class=\"elementor-spacer-inner\"><\/div>\n\t\t<\/div>\n\t\t\t\t<\/div>\n\t\t\t\t<\/div>\n\t\t\t\t\t<\/div>\n\t\t<\/div>\n\t\t\t\t\t<\/div>\n\t\t<\/section>\n\t\t\t\t<\/div>\n\t\t","protected":false},"excerpt":{"rendered":"<p>TEKST\u0130L Firmam\u0131z, tekstil sekt\u00f6r\u00fcnde geni\u015f bir yelpazede kullan\u0131lan \u00e7e\u015fitli etiket \u00e7\u00f6z\u00fcmleri sunmaktad\u0131r. Ev tekstil \u00fcr\u00fcnleri etiketi Kalite kontrol etiketleri Japon akmaz\u0131 (yap\u0131\u015fkanl\u0131 &#8211; yap\u0131\u015fkans\u0131z) End kontrol etiketler 1&#8217;den 41&#8217;e kadar [&hellip;]<\/p>\n","protected":false},"author":1,"featured_media":0,"parent":37,"menu_order":0,"comment_status":"closed","ping_status":"closed","template":"","meta":{"footnotes":""},"class_list":["post-195","page","type-page","status-publish","hentry"],"_links":{"self":[{"href":"https:\/\/cankoretiket4.flexyazilim.com.tr\/index.php\/wp-json\/wp\/v2\/pages\/195","targetHints":{"allow":["GET"]}}],"collection":[{"href":"https:\/\/cankoretiket4.flexyazilim.com.tr\/index.php\/wp-json\/wp\/v2\/pages"}],"about":[{"href":"https:\/\/cankoretiket4.flexyazilim.com.tr\/index.php\/wp-json\/wp\/v2\/types\/page"}],"author":[{"embeddable":true,"href":"https:\/\/cankoretiket4.flexyazilim.com.tr\/index.php\/wp-json\/wp\/v2\/users\/1"}],"replies":[{"embeddable":true,"href":"https:\/\/cankoretiket4.flexyazilim.com.tr\/index.php\/wp-json\/wp\/v2\/comments?post=195"}],"version-history":[{"count":28,"href":"https:\/\/cankoretiket4.flexyazilim.com.tr\/index.php\/wp-json\/wp\/v2\/pages\/195\/revisions"}],"predecessor-version":[{"id":784,"href":"https:\/\/cankoretiket4.flexyazilim.com.tr\/index.php\/wp-json\/wp\/v2\/pages\/195\/revisions\/784"}],"up":[{"embeddable":true,"href":"https:\/\/cankoretiket4.flexyazilim.com.tr\/index.php\/wp-json\/wp\/v2\/pages\/37"}],"wp:attachment":[{"href":"https:\/\/cankoretiket4.flexyazilim.com.tr\/index.php\/wp-json\/wp\/v2\/media?parent=195"}],"curies":[{"name":"wp","href":"https:\/\/api.w.org\/{rel}","templated":true}]}}