{"id":198,"date":"2023-01-06T03:57:18","date_gmt":"2023-01-06T03:57:18","guid":{"rendered":"https:\/\/gaviaspreview.com\/wp\/modins\/?page_id=198"},"modified":"2024-06-14T16:50:49","modified_gmt":"2024-06-14T13:50:49","slug":"kalite","status":"publish","type":"page","link":"https:\/\/cankoretiket4.flexyazilim.com.tr\/index.php\/insurance\/kalite\/","title":{"rendered":"Travel insurance"},"content":{"rendered":"\t\t<div data-elementor-type=\"wp-page\" data-elementor-id=\"198\" class=\"elementor elementor-198\">\n\t\t\t\t\t\t<section class=\"elementor-section elementor-top-section elementor-element elementor-element-7b0a483 elementor-section-boxed elementor-section-height-default elementor-section-height-default\" data-id=\"7b0a483\" data-element_type=\"section\" data-settings=\"{&quot;background_background&quot;:&quot;slideshow&quot;,&quot;background_slideshow_gallery&quot;:[{&quot;id&quot;:725,&quot;url&quot;:&quot;http:\\\/\\\/cankoretiket4.flexyazilim.com.tr\\\/wp-content\\\/uploads\\\/2024\\\/05\\\/111.png&quot;},{&quot;id&quot;:726,&quot;url&quot;:&quot;http:\\\/\\\/cankoretiket4.flexyazilim.com.tr\\\/wp-content\\\/uploads\\\/2024\\\/05\\\/222.png&quot;}],&quot;background_slideshow_ken_burns&quot;:&quot;yes&quot;,&quot;background_slideshow_loop&quot;:&quot;yes&quot;,&quot;background_slideshow_slide_duration&quot;:5000,&quot;background_slideshow_slide_transition&quot;:&quot;fade&quot;,&quot;background_slideshow_transition_duration&quot;:500,&quot;background_slideshow_ken_burns_zoom_direction&quot;:&quot;in&quot;}\">\n\t\t\t\t\t\t<div class=\"elementor-container elementor-column-gap-default\">\n\t\t\t\t\t<div class=\"elementor-column elementor-col-100 elementor-top-column elementor-element elementor-element-569adbb\" data-id=\"569adbb\" data-element_type=\"column\">\n\t\t\t<div class=\"elementor-widget-wrap elementor-element-populated\">\n\t\t\t\t\t\t<div class=\"elementor-element elementor-element-5d744ae elementor-widget elementor-widget-gva-heading-block\" data-id=\"5d744ae\" data-element_type=\"widget\" data-widget_type=\"gva-heading-block.default\">\n\t\t\t\t<div class=\"elementor-widget-container\">\n\t\t\t<div class=\"gva-element-gva-heading-block gva-element\">   <div class=\"align-left style-1 widget gsc-heading box-align-left auto-responsive\">\r\n      <div class=\"content-inner\">\r\n         \r\n                  \r\n           \r\n         \r\n                     <h2 class=\"title\">\r\n               <span>Kalite<\/span>\r\n            <\/h2>\r\n                  \r\n         \r\n         \r\n      <\/div>\r\n   <\/div>\r\n<\/div>\t\t<\/div>\n\t\t\t\t<\/div>\n\t\t\t\t\t<\/div>\n\t\t<\/div>\n\t\t\t\t\t<\/div>\n\t\t<\/section>\n\t\t\t\t<section class=\"elementor-section elementor-top-section elementor-element elementor-element-6c473d3 elementor-section-boxed elementor-section-height-default elementor-section-height-default\" data-id=\"6c473d3\" data-element_type=\"section\">\n\t\t\t\t\t\t<div class=\"elementor-container elementor-column-gap-default\">\n\t\t\t\t\t<div class=\"elementor-column elementor-col-100 elementor-top-column elementor-element elementor-element-4d53e2c\" data-id=\"4d53e2c\" data-element_type=\"column\">\n\t\t\t<div class=\"elementor-widget-wrap elementor-element-populated\">\n\t\t\t\t\t\t<div class=\"elementor-element elementor-element-afe7386 elementor-widget elementor-widget-heading\" data-id=\"afe7386\" data-element_type=\"widget\" data-widget_type=\"heading.default\">\n\t\t\t\t<div class=\"elementor-widget-container\">\n\t\t\t<h2 class=\"elementor-heading-title elementor-size-default\">Kalite<\/h2>\t\t<\/div>\n\t\t\t\t<\/div>\n\t\t\t\t<div class=\"elementor-element elementor-element-8cf773e elementor-widget elementor-widget-text-editor\" data-id=\"8cf773e\" data-element_type=\"widget\" data-widget_type=\"text-editor.default\">\n\t\t\t\t<div class=\"elementor-widget-container\">\n\t\t\t\t\t\t\t<p>\u00a0 \u00a0Cankor Etiket 5S y\u00f6netim sistemini en iyi \u015fekilde uygulamaktad\u0131r. \u00dcretim s\u00fcresince ay\u0131klama, d\u00fczenleme, disiplin, temizlik ve s\u00fcrd\u00fcr\u00fclebilirlik ilkelerine ba\u011fl\u0131 olarak t\u00fcm departmanlarda hedefine ula\u015fmaktad\u0131r.5s Y\u00f6ntemi \u00dcretim s\u00fcrecinde verimlili\u011fi ve d\u00fczeni artt\u0131r\u0131r kaliteyi y\u00fckseltmeye yard\u0131mc\u0131 olur. <br \/>\u00a0 \u00a05S, i\u015f yerinde d\u00fczeni ve temizli\u011fi sa\u011flamak i\u00e7in kullan\u0131lan Japonya k\u00f6kenli bir metodolojidir ve be\u015f a\u015famadan olu\u015fur: Seiri (S\u0131n\u0131fland\u0131r), Seiton (D\u00fczenle), Seiso (Temizle), Seiketsu (Standartla\u015ft\u0131r), Shitsuke (S\u00fcrd\u00fcr). <br \/><strong>\u2022 Seiri (S\u0131n\u0131fland\u0131r)<\/strong><br \/>\u00a0 \u2022Ama\u00e7: Gerekli ve gereksiz malzemeleri ay\u0131rmak.<br \/><strong>\u2022\u00a0 Seiton (D\u00fczenle)<\/strong><br \/>\u00a0 Ama\u00e7: Gerekli malzemeleri d\u00fczenli ve eri\u015filebilir hale getirmek.<br \/><strong>\u2022\u00a0 Seiso (Temizle)<\/strong><br \/>\u00a0 Ama\u00e7: \u00c7al\u0131\u015fma alan\u0131n\u0131 temiz tutmak ve d\u00fczeni korumak.<br \/>\u2022 <strong>Seiketsu (Standartla\u015ft\u0131r)<\/strong><br \/>\u00a0 Ama\u00e7: \u0130yi uygulamalar\u0131 standartla\u015ft\u0131rmak ve s\u00fcrekli olarak uygulamak.<br \/><strong>\u2022\u00a0Shitsuke (S\u00fcrd\u00fcr)<\/strong><br \/>\u00a0 Ama\u00e7: 5S uygulamalar\u0131n\u0131 s\u00fcrekli olarak korumak ve geli\u015ftirmek.<\/p>\t\t\t\t\t\t<\/div>\n\t\t\t\t<\/div>\n\t\t\t\t\t<\/div>\n\t\t<\/div>\n\t\t\t\t\t<\/div>\n\t\t<\/section>\n\t\t\t\t<section class=\"elementor-section elementor-top-section elementor-element elementor-element-91ea109 elementor-section-boxed elementor-section-height-default elementor-section-height-default\" data-id=\"91ea109\" data-element_type=\"section\">\n\t\t\t\t\t\t<div class=\"elementor-container elementor-column-gap-default\">\n\t\t\t\t\t<div class=\"elementor-column elementor-col-100 elementor-top-column elementor-element elementor-element-e2c74d1\" data-id=\"e2c74d1\" data-element_type=\"column\">\n\t\t\t<div class=\"elementor-widget-wrap elementor-element-populated\">\n\t\t\t\t\t\t<div class=\"elementor-element elementor-element-d612add elementor-widget elementor-widget-accordion\" data-id=\"d612add\" data-element_type=\"widget\" data-widget_type=\"accordion.default\">\n\t\t\t\t<div class=\"elementor-widget-container\">\n\t\t\t\t\t<div class=\"elementor-accordion\">\n\t\t\t\t\t\t\t<div class=\"elementor-accordion-item\">\n\t\t\t\t\t<div id=\"elementor-tab-title-2241\" class=\"elementor-tab-title\" data-tab=\"1\" role=\"button\" aria-controls=\"elementor-tab-content-2241\" aria-expanded=\"false\">\n\t\t\t\t\t\t\t\t\t\t\t\t\t<span class=\"elementor-accordion-icon elementor-accordion-icon-right\" aria-hidden=\"true\">\n\t\t\t\t\t\t\t\t\t\t\t\t\t\t\t<span class=\"elementor-accordion-icon-closed\"><i class=\"fas fa-chevron-right\"><\/i><\/span>\n\t\t\t\t\t\t\t\t<span class=\"elementor-accordion-icon-opened\"><i class=\"fas fa-chevron-down\"><\/i><\/span>\n\t\t\t\t\t\t\t\t\t\t\t\t\t\t<\/span>\n\t\t\t\t\t\t\t\t\t\t\t\t<a class=\"elementor-accordion-title\" tabindex=\"0\">5S y\u00f6ntemi nedir?<\/a>\n\t\t\t\t\t<\/div>\n\t\t\t\t\t<div id=\"elementor-tab-content-2241\" class=\"elementor-tab-content elementor-clearfix\" data-tab=\"1\" role=\"region\" aria-labelledby=\"elementor-tab-title-2241\"><p>5S, Japonya k\u00f6kenli bir i\u015f yeri organizasyon y\u00f6ntemi olup, i\u015f yerinde d\u00fczen, temizlik ve verimlili\u011fi art\u0131rmay\u0131 hedefler. Be\u015f a\u015famadan olu\u015fur: Seiri (S\u0131n\u0131fland\u0131r), Seiton (D\u00fczenle), Seiso (Temizle), Seiketsu (Standartla\u015ft\u0131r), Shitsuke (S\u00fcrd\u00fcr).<\/p><\/div>\n\t\t\t\t<\/div>\n\t\t\t\t\t\t\t<div class=\"elementor-accordion-item\">\n\t\t\t\t\t<div id=\"elementor-tab-title-2242\" class=\"elementor-tab-title\" data-tab=\"2\" role=\"button\" aria-controls=\"elementor-tab-content-2242\" aria-expanded=\"false\">\n\t\t\t\t\t\t\t\t\t\t\t\t\t<span class=\"elementor-accordion-icon elementor-accordion-icon-right\" aria-hidden=\"true\">\n\t\t\t\t\t\t\t\t\t\t\t\t\t\t\t<span class=\"elementor-accordion-icon-closed\"><i class=\"fas fa-chevron-right\"><\/i><\/span>\n\t\t\t\t\t\t\t\t<span class=\"elementor-accordion-icon-opened\"><i class=\"fas fa-chevron-down\"><\/i><\/span>\n\t\t\t\t\t\t\t\t\t\t\t\t\t\t<\/span>\n\t\t\t\t\t\t\t\t\t\t\t\t<a class=\"elementor-accordion-title\" tabindex=\"0\">5S uygulaman\u0131n faydalar\u0131 nelerdir?<\/a>\n\t\t\t\t\t<\/div>\n\t\t\t\t\t<div id=\"elementor-tab-content-2242\" class=\"elementor-tab-content elementor-clearfix\" data-tab=\"2\" role=\"region\" aria-labelledby=\"elementor-tab-title-2242\"><p>5S uygulamalar\u0131, i\u015f yerinde d\u00fczen ve temizli\u011fi sa\u011flar, verimlili\u011fi art\u0131r\u0131r, israf\u0131 azalt\u0131r, i\u015f kazalar\u0131n\u0131 \u00f6nler ve \u00e7al\u0131\u015fan motivasyonunu y\u00fckseltir.<\/p><\/div>\n\t\t\t\t<\/div>\n\t\t\t\t\t\t\t<div class=\"elementor-accordion-item\">\n\t\t\t\t\t<div id=\"elementor-tab-title-2243\" class=\"elementor-tab-title\" data-tab=\"3\" role=\"button\" aria-controls=\"elementor-tab-content-2243\" aria-expanded=\"false\">\n\t\t\t\t\t\t\t\t\t\t\t\t\t<span class=\"elementor-accordion-icon elementor-accordion-icon-right\" aria-hidden=\"true\">\n\t\t\t\t\t\t\t\t\t\t\t\t\t\t\t<span class=\"elementor-accordion-icon-closed\"><i class=\"fas fa-chevron-right\"><\/i><\/span>\n\t\t\t\t\t\t\t\t<span class=\"elementor-accordion-icon-opened\"><i class=\"fas fa-chevron-down\"><\/i><\/span>\n\t\t\t\t\t\t\t\t\t\t\t\t\t\t<\/span>\n\t\t\t\t\t\t\t\t\t\t\t\t<a class=\"elementor-accordion-title\" tabindex=\"0\">5S Uygulamas\u0131na Nas\u0131l Ba\u015flan\u0131r?<\/a>\n\t\t\t\t\t<\/div>\n\t\t\t\t\t<div id=\"elementor-tab-content-2243\" class=\"elementor-tab-content elementor-clearfix\" data-tab=\"3\" role=\"region\" aria-labelledby=\"elementor-tab-title-2243\"><p>\u0130lk olarak, 5S hakk\u0131nda e\u011fitim ve bilgilendirme yap\u0131l\u0131r. Ard\u0131ndan, Seiri a\u015famas\u0131yla gereksiz malzemelerin ay\u0131klanmas\u0131, Seiton ile d\u00fczenlenmesi, Seiso ile temizlenmesi, Seiketsu ile standartla\u015ft\u0131r\u0131lmas\u0131 ve Shitsuke ile s\u00fcrd\u00fcr\u00fclebilirli\u011finin sa\u011flanmas\u0131 ad\u0131mlar\u0131 izlenir.<\/p><\/div>\n\t\t\t\t<\/div>\n\t\t\t\t\t\t\t<div class=\"elementor-accordion-item\">\n\t\t\t\t\t<div id=\"elementor-tab-title-2244\" class=\"elementor-tab-title\" data-tab=\"4\" role=\"button\" aria-controls=\"elementor-tab-content-2244\" aria-expanded=\"false\">\n\t\t\t\t\t\t\t\t\t\t\t\t\t<span class=\"elementor-accordion-icon elementor-accordion-icon-right\" aria-hidden=\"true\">\n\t\t\t\t\t\t\t\t\t\t\t\t\t\t\t<span class=\"elementor-accordion-icon-closed\"><i class=\"fas fa-chevron-right\"><\/i><\/span>\n\t\t\t\t\t\t\t\t<span class=\"elementor-accordion-icon-opened\"><i class=\"fas fa-chevron-down\"><\/i><\/span>\n\t\t\t\t\t\t\t\t\t\t\t\t\t\t<\/span>\n\t\t\t\t\t\t\t\t\t\t\t\t<a class=\"elementor-accordion-title\" tabindex=\"0\">Hangi T\u00fcr \u0130\u015f Yerleri 5S Kullanabilir?<\/a>\n\t\t\t\t\t<\/div>\n\t\t\t\t\t<div id=\"elementor-tab-content-2244\" class=\"elementor-tab-content elementor-clearfix\" data-tab=\"4\" role=\"region\" aria-labelledby=\"elementor-tab-title-2244\"><p>5S, \u00fcretim tesislerinden ofislere, hastanelerden depolara kadar geni\u015f bir yelpazedeki i\u015f yerlerinde uygulanabilir.<\/p><\/div>\n\t\t\t\t<\/div>\n\t\t\t\t\t\t\t<div class=\"elementor-accordion-item\">\n\t\t\t\t\t<div id=\"elementor-tab-title-2245\" class=\"elementor-tab-title\" data-tab=\"5\" role=\"button\" aria-controls=\"elementor-tab-content-2245\" aria-expanded=\"false\">\n\t\t\t\t\t\t\t\t\t\t\t\t\t<span class=\"elementor-accordion-icon elementor-accordion-icon-right\" aria-hidden=\"true\">\n\t\t\t\t\t\t\t\t\t\t\t\t\t\t\t<span class=\"elementor-accordion-icon-closed\"><i class=\"fas fa-chevron-right\"><\/i><\/span>\n\t\t\t\t\t\t\t\t<span class=\"elementor-accordion-icon-opened\"><i class=\"fas fa-chevron-down\"><\/i><\/span>\n\t\t\t\t\t\t\t\t\t\t\t\t\t\t<\/span>\n\t\t\t\t\t\t\t\t\t\t\t\t<a class=\"elementor-accordion-title\" tabindex=\"0\">5S'in En Zor A\u015famas\u0131 Hangisidir?<\/a>\n\t\t\t\t\t<\/div>\n\t\t\t\t\t<div id=\"elementor-tab-content-2245\" class=\"elementor-tab-content elementor-clearfix\" data-tab=\"5\" role=\"region\" aria-labelledby=\"elementor-tab-title-2245\"><p>Genellikle en zor a\u015fama Shitsuke (S\u00fcrd\u00fcr) a\u015famas\u0131d\u0131r. \u00c7\u00fcnk\u00fc s\u00fcrekli olarak 5S uygulamalar\u0131n\u0131n devam ettirilmesi ve \u00e7al\u0131\u015fanlar\u0131n bu d\u00fczeni s\u00fcrd\u00fcrmesi zamanla zorla\u015fabilir.<\/p><\/div>\n\t\t\t\t<\/div>\n\t\t\t\t\t\t\t<div class=\"elementor-accordion-item\">\n\t\t\t\t\t<div id=\"elementor-tab-title-2246\" class=\"elementor-tab-title\" data-tab=\"6\" role=\"button\" aria-controls=\"elementor-tab-content-2246\" aria-expanded=\"false\">\n\t\t\t\t\t\t\t\t\t\t\t\t\t<span class=\"elementor-accordion-icon elementor-accordion-icon-right\" aria-hidden=\"true\">\n\t\t\t\t\t\t\t\t\t\t\t\t\t\t\t<span class=\"elementor-accordion-icon-closed\"><i class=\"fas fa-chevron-right\"><\/i><\/span>\n\t\t\t\t\t\t\t\t<span class=\"elementor-accordion-icon-opened\"><i class=\"fas fa-chevron-down\"><\/i><\/span>\n\t\t\t\t\t\t\t\t\t\t\t\t\t\t<\/span>\n\t\t\t\t\t\t\t\t\t\t\t\t<a class=\"elementor-accordion-title\" tabindex=\"0\">5S \u0130\u00e7in E\u011fitim Gerekir mi?<\/a>\n\t\t\t\t\t<\/div>\n\t\t\t\t\t<div id=\"elementor-tab-content-2246\" class=\"elementor-tab-content elementor-clearfix\" data-tab=\"6\" role=\"region\" aria-labelledby=\"elementor-tab-title-2246\"><p>Evet, 5S&#8217;in ba\u015far\u0131l\u0131 bir \u015fekilde uygulanabilmesi i\u00e7in t\u00fcm \u00e7al\u0131\u015fanlar\u0131n bu konuda e\u011fitilmesi ve bilin\u00e7lendirilmesi \u00f6nemlidir. E\u011fitimler, 5S prensiplerinin do\u011fru anla\u015f\u0131lmas\u0131n\u0131 ve uygulanmas\u0131n\u0131 sa\u011flar.<\/p><\/div>\n\t\t\t\t<\/div>\n\t\t\t\t\t\t\t<div class=\"elementor-accordion-item\">\n\t\t\t\t\t<div id=\"elementor-tab-title-2247\" class=\"elementor-tab-title\" data-tab=\"7\" role=\"button\" aria-controls=\"elementor-tab-content-2247\" aria-expanded=\"false\">\n\t\t\t\t\t\t\t\t\t\t\t\t\t<span class=\"elementor-accordion-icon elementor-accordion-icon-right\" aria-hidden=\"true\">\n\t\t\t\t\t\t\t\t\t\t\t\t\t\t\t<span class=\"elementor-accordion-icon-closed\"><i class=\"fas fa-chevron-right\"><\/i><\/span>\n\t\t\t\t\t\t\t\t<span class=\"elementor-accordion-icon-opened\"><i class=\"fas fa-chevron-down\"><\/i><\/span>\n\t\t\t\t\t\t\t\t\t\t\t\t\t\t<\/span>\n\t\t\t\t\t\t\t\t\t\t\t\t<a class=\"elementor-accordion-title\" tabindex=\"0\">5S'in Maliyetleri Nelerdir?<\/a>\n\t\t\t\t\t<\/div>\n\t\t\t\t\t<div id=\"elementor-tab-content-2247\" class=\"elementor-tab-content elementor-clearfix\" data-tab=\"7\" role=\"region\" aria-labelledby=\"elementor-tab-title-2247\"><p>5S uygulamas\u0131n\u0131n maliyetleri genellikle d\u00fc\u015f\u00fckt\u00fcr ve b\u00fcy\u00fck yat\u0131r\u0131mlar gerektirmez. Ancak, e\u011fitim, etiketleme ve d\u00fczenleme i\u00e7in ba\u015flang\u0131\u00e7 maliyetleri olabilir. Bu maliyetler, uzun vadede sa\u011flanan verimlilik art\u0131\u015f\u0131 ve israf\u0131n azalmas\u0131yla telafi edilir.<\/p><\/div>\n\t\t\t\t<\/div>\n\t\t\t\t\t\t\t<div class=\"elementor-accordion-item\">\n\t\t\t\t\t<div id=\"elementor-tab-title-2248\" class=\"elementor-tab-title\" data-tab=\"8\" role=\"button\" aria-controls=\"elementor-tab-content-2248\" aria-expanded=\"false\">\n\t\t\t\t\t\t\t\t\t\t\t\t\t<span class=\"elementor-accordion-icon elementor-accordion-icon-right\" aria-hidden=\"true\">\n\t\t\t\t\t\t\t\t\t\t\t\t\t\t\t<span class=\"elementor-accordion-icon-closed\"><i class=\"fas fa-chevron-right\"><\/i><\/span>\n\t\t\t\t\t\t\t\t<span class=\"elementor-accordion-icon-opened\"><i class=\"fas fa-chevron-down\"><\/i><\/span>\n\t\t\t\t\t\t\t\t\t\t\t\t\t\t<\/span>\n\t\t\t\t\t\t\t\t\t\t\t\t<a class=\"elementor-accordion-title\" tabindex=\"0\">5S Denetimleri Nas\u0131l Yap\u0131l\u0131r?<\/a>\n\t\t\t\t\t<\/div>\n\t\t\t\t\t<div id=\"elementor-tab-content-2248\" class=\"elementor-tab-content elementor-clearfix\" data-tab=\"8\" role=\"region\" aria-labelledby=\"elementor-tab-title-2248\"><p>5S uygulamas\u0131n\u0131n maliyetleri genellikle d\u00fc\u015f\u00fckt\u00fcr ve b\u00fcy\u00fck yat\u0131r\u0131mlar gerektirmez. Ancak, e\u011fitim, etiketleme ve d\u00fczenleme i\u00e7in ba\u015flang\u0131\u00e7 maliyetleri olabilir. Bu maliyetler, uzun vadede sa\u011flanan verimlilik art\u0131\u015f\u0131 ve israf\u0131n azalmas\u0131yla telafi edilir.<\/p><\/div>\n\t\t\t\t<\/div>\n\t\t\t\t\t\t\t<div class=\"elementor-accordion-item\">\n\t\t\t\t\t<div id=\"elementor-tab-title-2249\" class=\"elementor-tab-title\" data-tab=\"9\" role=\"button\" aria-controls=\"elementor-tab-content-2249\" aria-expanded=\"false\">\n\t\t\t\t\t\t\t\t\t\t\t\t\t<span class=\"elementor-accordion-icon elementor-accordion-icon-right\" aria-hidden=\"true\">\n\t\t\t\t\t\t\t\t\t\t\t\t\t\t\t<span class=\"elementor-accordion-icon-closed\"><i class=\"fas fa-chevron-right\"><\/i><\/span>\n\t\t\t\t\t\t\t\t<span class=\"elementor-accordion-icon-opened\"><i class=\"fas fa-chevron-down\"><\/i><\/span>\n\t\t\t\t\t\t\t\t\t\t\t\t\t\t<\/span>\n\t\t\t\t\t\t\t\t\t\t\t\t<a class=\"elementor-accordion-title\" tabindex=\"0\">5S Ba\u015far\u0131s\u0131z Olursa Ne Yap\u0131lmal\u0131?<\/a>\n\t\t\t\t\t<\/div>\n\t\t\t\t\t<div id=\"elementor-tab-content-2249\" class=\"elementor-tab-content elementor-clearfix\" data-tab=\"9\" role=\"region\" aria-labelledby=\"elementor-tab-title-2249\"><p>5S uygulamas\u0131 ba\u015far\u0131s\u0131z oldu\u011funda, nedenlerinin belirlenmesi ve d\u00fczeltici \u00f6nlemlerin al\u0131nmas\u0131 gereklidir. E\u011fitimlerin tekrarlanmas\u0131, denetimlerin art\u0131r\u0131lmas\u0131 ve \u00e7al\u0131\u015fanlar\u0131n motivasyonunun sa\u011flanmas\u0131 gibi ad\u0131mlar at\u0131labilir.<\/p><\/div>\n\t\t\t\t<\/div>\n\t\t\t\t\t\t\t\t<\/div>\n\t\t\t\t<\/div>\n\t\t\t\t<\/div>\n\t\t\t\t\t<\/div>\n\t\t<\/div>\n\t\t\t\t\t<\/div>\n\t\t<\/section>\n\t\t\t\t<\/div>\n\t\t","protected":false},"excerpt":{"rendered":"<p>Kalite Kalite \u00a0 \u00a0Cankor Etiket 5S y\u00f6netim sistemini en iyi \u015fekilde uygulamaktad\u0131r. \u00dcretim s\u00fcresince ay\u0131klama, d\u00fczenleme, disiplin, temizlik ve s\u00fcrd\u00fcr\u00fclebilirlik ilkelerine ba\u011fl\u0131 olarak t\u00fcm departmanlarda hedefine ula\u015fmaktad\u0131r.5s Y\u00f6ntemi \u00dcretim s\u00fcrecinde [&hellip;]<\/p>\n","protected":false},"author":1,"featured_media":0,"parent":37,"menu_order":0,"comment_status":"closed","ping_status":"closed","template":"","meta":{"footnotes":""},"class_list":["post-198","page","type-page","status-publish","hentry"],"_links":{"self":[{"href":"https:\/\/cankoretiket4.flexyazilim.com.tr\/index.php\/wp-json\/wp\/v2\/pages\/198","targetHints":{"allow":["GET"]}}],"collection":[{"href":"https:\/\/cankoretiket4.flexyazilim.com.tr\/index.php\/wp-json\/wp\/v2\/pages"}],"about":[{"href":"https:\/\/cankoretiket4.flexyazilim.com.tr\/index.php\/wp-json\/wp\/v2\/types\/page"}],"author":[{"embeddable":true,"href":"https:\/\/cankoretiket4.flexyazilim.com.tr\/index.php\/wp-json\/wp\/v2\/users\/1"}],"replies":[{"embeddable":true,"href":"https:\/\/cankoretiket4.flexyazilim.com.tr\/index.php\/wp-json\/wp\/v2\/comments?post=198"}],"version-history":[{"count":13,"href":"https:\/\/cankoretiket4.flexyazilim.com.tr\/index.php\/wp-json\/wp\/v2\/pages\/198\/revisions"}],"predecessor-version":[{"id":1001,"href":"https:\/\/cankoretiket4.flexyazilim.com.tr\/index.php\/wp-json\/wp\/v2\/pages\/198\/revisions\/1001"}],"up":[{"embeddable":true,"href":"https:\/\/cankoretiket4.flexyazilim.com.tr\/index.php\/wp-json\/wp\/v2\/pages\/37"}],"wp:attachment":[{"href":"https:\/\/cankoretiket4.flexyazilim.com.tr\/index.php\/wp-json\/wp\/v2\/media?parent=198"}],"curies":[{"name":"wp","href":"https:\/\/api.w.org\/{rel}","templated":true}]}}