{"id":23,"date":"2022-12-19T02:29:04","date_gmt":"2022-12-19T02:29:04","guid":{"rendered":"https:\/\/gaviaspreview.com\/wp\/modins\/?page_id=23"},"modified":"2024-06-14T17:06:03","modified_gmt":"2024-06-14T14:06:03","slug":"hakkimizda-2","status":"publish","type":"page","link":"https:\/\/cankoretiket4.flexyazilim.com.tr\/index.php\/hakkimizda-2\/","title":{"rendered":"Hakk\u0131m\u0131zda"},"content":{"rendered":"\t\t<div data-elementor-type=\"wp-page\" data-elementor-id=\"23\" class=\"elementor elementor-23\">\n\t\t\t\t\t\t<section class=\"elementor-section elementor-top-section elementor-element elementor-element-ee503c8 elementor-section-boxed elementor-section-height-default elementor-section-height-default\" data-id=\"ee503c8\" data-element_type=\"section\" data-settings=\"{&quot;background_background&quot;:&quot;slideshow&quot;,&quot;background_slideshow_gallery&quot;:[{&quot;id&quot;:725,&quot;url&quot;:&quot;http:\\\/\\\/cankoretiket4.flexyazilim.com.tr\\\/wp-content\\\/uploads\\\/2024\\\/05\\\/111.png&quot;},{&quot;id&quot;:726,&quot;url&quot;:&quot;http:\\\/\\\/cankoretiket4.flexyazilim.com.tr\\\/wp-content\\\/uploads\\\/2024\\\/05\\\/222.png&quot;}],&quot;background_slideshow_ken_burns&quot;:&quot;yes&quot;,&quot;background_slideshow_loop&quot;:&quot;yes&quot;,&quot;background_slideshow_slide_duration&quot;:5000,&quot;background_slideshow_slide_transition&quot;:&quot;fade&quot;,&quot;background_slideshow_transition_duration&quot;:500,&quot;background_slideshow_ken_burns_zoom_direction&quot;:&quot;in&quot;}\">\n\t\t\t\t\t\t<div class=\"elementor-container elementor-column-gap-default\">\n\t\t\t\t\t<div class=\"elementor-column elementor-col-100 elementor-top-column elementor-element elementor-element-8028c45\" data-id=\"8028c45\" data-element_type=\"column\">\n\t\t\t<div class=\"elementor-widget-wrap elementor-element-populated\">\n\t\t\t\t\t\t<div class=\"elementor-element elementor-element-44fce45 elementor-widget elementor-widget-gva-heading-block\" data-id=\"44fce45\" data-element_type=\"widget\" data-widget_type=\"gva-heading-block.default\">\n\t\t\t\t<div class=\"elementor-widget-container\">\n\t\t\t<div class=\"gva-element-gva-heading-block gva-element\">   <div class=\"align-left style-1 widget gsc-heading box-align-left auto-responsive\">\r\n      <div class=\"content-inner\">\r\n         \r\n                  \r\n           \r\n         \r\n                     <h2 class=\"title\">\r\n               <span>Hakk\u0131m\u0131zda<\/span>\r\n            <\/h2>\r\n                  \r\n                     <div class=\"title-desc\">Biz m\u00fc\u015fteri de\u011fil, dost portf\u00f6y\u00fcm\u00fcz\u00fc geni\u015fletiyoruz...<\/div>\r\n         \r\n         \r\n      <\/div>\r\n   <\/div>\r\n<\/div>\t\t<\/div>\n\t\t\t\t<\/div>\n\t\t\t\t\t<\/div>\n\t\t<\/div>\n\t\t\t\t\t<\/div>\n\t\t<\/section>\n\t\t\t\t<section class=\"elementor-section elementor-top-section elementor-element elementor-element-f278454 elementor-section-boxed elementor-section-height-default elementor-section-height-default\" data-id=\"f278454\" data-element_type=\"section\">\n\t\t\t\t\t\t<div class=\"elementor-container elementor-column-gap-default\">\n\t\t\t\t\t<div class=\"elementor-column elementor-col-50 elementor-top-column elementor-element elementor-element-7fba472\" data-id=\"7fba472\" data-element_type=\"column\">\n\t\t\t<div class=\"elementor-widget-wrap elementor-element-populated\">\n\t\t\t\t\t\t<div class=\"elementor-element elementor-element-80d5429 elementor-widget elementor-widget-gva-image-content\" data-id=\"80d5429\" data-element_type=\"widget\" data-widget_type=\"gva-image-content.default\">\n\t\t\t\t<div class=\"elementor-widget-container\">\n\t\t\t<div class=\"gva-element-gva-image-content gva-element\">\t\t\r\n\t  \r\n\t \r\n\r\n\t \r\n\r\n\t\r\n\t \r\n  \r\n \r\n\r\n  \r\n \r\n\r\n\t<div class=\"about-seven__single\">\r\n\t  \t<div class=\"about-seven__content\"><div class=\"about-seven__image\"><img decoding=\"async\" src=\"http:\/\/cankoretiket4.flexyazilim.com.tr\/wp-content\/uploads\/2024\/06\/01-aee4e79d.jpg\" alt=\"\" \/><\/div><div class=\"about-seven__logo\"><img decoding=\"async\" src=\"http:\/\/cankoretiket4.flexyazilim.com.tr\/wp-content\/uploads\/2022\/12\/232123.png\" alt=\"\" \/><\/div><\/div>\t<\/div>\r\n <\/div>\t\t<\/div>\n\t\t\t\t<\/div>\n\t\t\t\t\t<\/div>\n\t\t<\/div>\n\t\t\t\t<div class=\"elementor-column elementor-col-50 elementor-top-column elementor-element elementor-element-01c3651\" data-id=\"01c3651\" data-element_type=\"column\">\n\t\t\t<div class=\"elementor-widget-wrap elementor-element-populated\">\n\t\t\t\t\t\t<div class=\"elementor-element elementor-element-35cee78 elementor-widget elementor-widget-gva-heading-block\" data-id=\"35cee78\" data-element_type=\"widget\" data-settings=\"{&quot;_animation&quot;:&quot;none&quot;}\" data-widget_type=\"gva-heading-block.default\">\n\t\t\t\t<div class=\"elementor-widget-container\">\n\t\t\t<div class=\"gva-element-gva-heading-block gva-element\">   <div class=\"align-left style-1 widget gsc-heading box-align-left auto-responsive\">\r\n      <div class=\"content-inner\">\r\n         \r\n                  \r\n         <div class=\"sub-title\"><span class=\"tagline\">HAKKIMIZDA<\/span><\/div>  \r\n         \r\n                     <h2 class=\"title\">\r\n               <span>CANKOR ET\u0130KET<\/span>\r\n            <\/h2>\r\n                  \r\n                     <div class=\"title-desc\">1993 y\u0131l\u0131nda \u00c7amdibinde kurulan 1998 y\u0131ldan itibaren \u0130zmir Atat\u00fcrk Organize Sanayi B\u00f6lgesi'nde 3000m2 lik kendisine ait kapal\u0131 alan\u0131nda tam entegre tesisinde faaliyet g\u00f6steren CANKOR ET\u0130KET, ileri teknoloji ve uzman kadrosuyla y\u00fcksek kaliteli bask\u0131 \u00e7\u00f6z\u00fcmleri sunmaktad\u0131r. M\u00fc\u015fteri memnuniyetini \u00f6n planda tutarak, farkl\u0131 sekt\u00f6rlerin ihtiya\u00e7lar\u0131na \u00f6zel \u00e7\u00f6z\u00fcmler geli\u015ftirmekteyiz. \u00c7evre dostu \u00fcretim anlay\u0131\u015f\u0131m\u0131z ve s\u00fcrekli geli\u015fim hedefimizle, sekt\u00f6rdeki lider konumumuzu koruyarak ulusal ve uluslararas\u0131 pazarlarda tercih edilen bir marka olmay\u0131 ama\u00e7l\u0131yoruz. Uzman ekibimiz ve son teknoloji \u00fcretim tesislerimizle, kalite ve s\u00fcrd\u00fcr\u00fclebilirlik ilkelerine ba\u011fl\u0131 kalarak, m\u00fc\u015fterilerimize en iyi hizmeti sunmaya devam ediyoruz.<\/div>\r\n         \r\n         \r\n      <\/div>\r\n   <\/div>\r\n<\/div>\t\t<\/div>\n\t\t\t\t<\/div>\n\t\t\t\t\t<\/div>\n\t\t<\/div>\n\t\t\t\t\t<\/div>\n\t\t<\/section>\n\t\t\t\t<section class=\"elementor-section elementor-top-section elementor-element elementor-element-0809307 elementor-section-full_width elementor-section-height-default elementor-section-height-default\" data-id=\"0809307\" data-element_type=\"section\" data-settings=\"{&quot;background_background&quot;:&quot;classic&quot;}\">\n\t\t\t\t\t\t\t<div class=\"elementor-background-overlay\"><\/div>\n\t\t\t\t\t\t\t<div class=\"elementor-container elementor-column-gap-default\">\n\t\t\t\t\t<div class=\"elementor-column elementor-col-100 elementor-top-column elementor-element elementor-element-3f47ce3 animated-slow elementor-invisible\" data-id=\"3f47ce3\" data-element_type=\"column\" data-settings=\"{&quot;animation&quot;:&quot;fadeInUp&quot;}\">\n\t\t\t<div class=\"elementor-widget-wrap elementor-element-populated\">\n\t\t\t\t\t\t<div class=\"elementor-element elementor-element-6fbbc6b elementor-widget elementor-widget-heading\" data-id=\"6fbbc6b\" data-element_type=\"widget\" data-widget_type=\"heading.default\">\n\t\t\t\t<div class=\"elementor-widget-container\">\n\t\t\t<h2 class=\"elementor-heading-title elementor-size-default\">\u00c7\u00f6z\u00fcm Ortaklar\u0131m\u0131z<\/h2>\t\t<\/div>\n\t\t\t\t<\/div>\n\t\t\t\t<div class=\"elementor-element elementor-element-15789a8 elementor-widget__width-initial elementor-widget elementor-widget-gva-brand\" data-id=\"15789a8\" data-element_type=\"widget\" data-widget_type=\"gva-brand.default\">\n\t\t\t\t<div class=\"elementor-widget-container\">\n\t\t\t<div class=\"gva-element-gva-brand gva-element\">\r\n<div class=\"gva-brand-carousel style-2 \">\r\n   <div class=\"swiper-content-inner\">\r\n      <div class=\"init-carousel-swiper swiper\" data-carousel=\"{&quot;items&quot;:5,&quot;items_lg&quot;:5,&quot;items_md&quot;:4,&quot;items_sm&quot;:3,&quot;items_xs&quot;:2,&quot;items_xx&quot;:2,&quot;effect&quot;:&quot;slide&quot;,&quot;space_between&quot;:30,&quot;loop&quot;:1,&quot;speed&quot;:1200,&quot;autoplay&quot;:1,&quot;autoplay_delay&quot;:5000,&quot;autoplay_hover&quot;:1,&quot;navigation&quot;:1,&quot;pagination&quot;:0,&quot;dynamic_bullets&quot;:0,&quot;pagination_type&quot;:&quot;bullets&quot;}\">\r\n         <div class=\"swiper-wrapper\">\r\n            \r\n            <div class=\"swiper-slide item brand-item\"><div class=\"brand-item-content\"><div class=\"brand-item-image\"><img decoding=\"async\" src=\"http:\/\/cankoretiket4.flexyazilim.com.tr\/wp-content\/uploads\/2024\/06\/7.png\" alt=\"\" class=\"brand-img\"\/><\/div><\/div><\/div><div class=\"swiper-slide item brand-item\"><div class=\"brand-item-content\"><div class=\"brand-item-image\"><img decoding=\"async\" src=\"http:\/\/cankoretiket4.flexyazilim.com.tr\/wp-content\/uploads\/2024\/06\/6.png\" alt=\"\" class=\"brand-img\"\/><\/div><\/div><\/div><div class=\"swiper-slide item brand-item\"><div class=\"brand-item-content\"><div class=\"brand-item-image\"><img decoding=\"async\" src=\"http:\/\/cankoretiket4.flexyazilim.com.tr\/wp-content\/uploads\/2024\/06\/5.png\" alt=\"\" class=\"brand-img\"\/><\/div><\/div><\/div><div class=\"swiper-slide item brand-item\"><div class=\"brand-item-content\"><div class=\"brand-item-image\"><img decoding=\"async\" src=\"http:\/\/cankoretiket4.flexyazilim.com.tr\/wp-content\/uploads\/2024\/06\/4.png\" alt=\"\" class=\"brand-img\"\/><\/div><\/div><\/div><div class=\"swiper-slide item brand-item\"><div class=\"brand-item-content\"><div class=\"brand-item-image\"><img decoding=\"async\" src=\"http:\/\/cankoretiket4.flexyazilim.com.tr\/wp-content\/uploads\/2024\/06\/3.png\" alt=\"\" class=\"brand-img\"\/><\/div><\/div><\/div><div class=\"swiper-slide item brand-item\"><div class=\"brand-item-content\"><div class=\"brand-item-image\"><img decoding=\"async\" src=\"http:\/\/cankoretiket4.flexyazilim.com.tr\/wp-content\/uploads\/2024\/06\/2.png\" alt=\"\" class=\"brand-img\"\/><\/div><\/div><\/div><div class=\"swiper-slide item brand-item\"><div class=\"brand-item-content\"><div class=\"brand-item-image\"><img decoding=\"async\" src=\"http:\/\/cankoretiket4.flexyazilim.com.tr\/wp-content\/uploads\/2024\/06\/1.png\" alt=\"\" class=\"brand-img\"\/><\/div><\/div><\/div>\r\n         <\/div>\r\n      <\/div>   \r\n   <\/div>\r\n   <div class=\"swiper-pagination\"><\/div>   <div class=\"swiper-nav-next\"><\/div><div class=\"swiper-nav-prev\"><\/div><\/div>\r\n<\/div>\t\t<\/div>\n\t\t\t\t<\/div>\n\t\t\t\t\t<\/div>\n\t\t<\/div>\n\t\t\t\t\t<\/div>\n\t\t<\/section>\n\t\t\t\t<\/div>\n\t\t","protected":false},"excerpt":{"rendered":"<p>Hakk\u0131m\u0131zda Biz m\u00fc\u015fteri de\u011fil, dost portf\u00f6y\u00fcm\u00fcz\u00fc geni\u015fletiyoruz&#8230; HAKKIMIZDA CANKOR ET\u0130KET 1993 y\u0131l\u0131nda \u00c7amdibinde kurulan 1998 y\u0131ldan itibaren \u0130zmir Atat\u00fcrk Organize Sanayi B\u00f6lgesi&#8217;nde 3000m2 lik kendisine ait kapal\u0131 alan\u0131nda tam entegre [&hellip;]<\/p>\n","protected":false},"author":1,"featured_media":0,"parent":0,"menu_order":0,"comment_status":"closed","ping_status":"closed","template":"","meta":{"footnotes":""},"class_list":["post-23","page","type-page","status-publish","hentry"],"_links":{"self":[{"href":"https:\/\/cankoretiket4.flexyazilim.com.tr\/index.php\/wp-json\/wp\/v2\/pages\/23","targetHints":{"allow":["GET"]}}],"collection":[{"href":"https:\/\/cankoretiket4.flexyazilim.com.tr\/index.php\/wp-json\/wp\/v2\/pages"}],"about":[{"href":"https:\/\/cankoretiket4.flexyazilim.com.tr\/index.php\/wp-json\/wp\/v2\/types\/page"}],"author":[{"embeddable":true,"href":"https:\/\/cankoretiket4.flexyazilim.com.tr\/index.php\/wp-json\/wp\/v2\/users\/1"}],"replies":[{"embeddable":true,"href":"https:\/\/cankoretiket4.flexyazilim.com.tr\/index.php\/wp-json\/wp\/v2\/comments?post=23"}],"version-history":[{"count":28,"href":"https:\/\/cankoretiket4.flexyazilim.com.tr\/index.php\/wp-json\/wp\/v2\/pages\/23\/revisions"}],"predecessor-version":[{"id":1017,"href":"https:\/\/cankoretiket4.flexyazilim.com.tr\/index.php\/wp-json\/wp\/v2\/pages\/23\/revisions\/1017"}],"wp:attachment":[{"href":"https:\/\/cankoretiket4.flexyazilim.com.tr\/index.php\/wp-json\/wp\/v2\/media?parent=23"}],"curies":[{"name":"wp","href":"https:\/\/api.w.org\/{rel}","templated":true}]}}